{"id":81,"date":"2026-04-03T10:28:27","date_gmt":"2026-04-03T10:28:27","guid":{"rendered":"https:\/\/tienphat.minhwebsite.top\/?post_type=product&#038;p=81"},"modified":"2026-04-03T10:28:27","modified_gmt":"2026-04-03T10:28:27","slug":"bat-chong-tham-hdpe-0-3mm","status":"publish","type":"product","link":"https:\/\/tanphatagrico.vn\/index.php\/product\/bat-chong-tham-hdpe-0-3mm\/","title":{"rendered":"B\u1ea1t ch\u1ed1ng th\u1ea5m HDPE 0.3mm"},"content":{"rendered":"<p><strong>B\u1ea1t HDPE 0.3mm<\/strong>\u200b c\u00f3 \u0111\u1ed9 d\u00e0y v\u1eeba ph\u1ea3i nh\u01b0ng v\u1eabn s\u1edf h\u1eefu kh\u1ea3 n\u0103ng ch\u1ed1ng th\u1ea5m tuy\u1ec7t \u0111\u1ed1i, ch\u1ed1ng ch\u1ea5t \u0103n m\u00f2n hi\u1ec7u qu\u1ea3. S\u1ea3n ph\u1ea9m \u0111\u01b0\u1ee3c \u1ee9ng d\u1ee5ng trong nhi\u1ec1u l\u0129nh v\u1ef1c t\u1eeb n\u00f4ng nghi\u1ec7p cho \u0111\u1ebfn x\u00e2y d\u1ef1ng.<\/p>\n<div id=\"ez-toc-container\" class=\"ez-toc-v2_0_82_2 counter-hierarchy ez-toc-counter ez-toc-grey ez-toc-container-direction\">\n<div class=\"ez-toc-title-container\">\n<p class=\"ez-toc-title\" style=\"cursor:inherit\">M\u1ee5c l\u1ee5c<\/p>\n<span class=\"ez-toc-title-toggle\"><a href=\"#\" class=\"ez-toc-pull-right ez-toc-btn ez-toc-btn-xs ez-toc-btn-default ez-toc-toggle\" aria-label=\"Toggle Table of Content\"><span class=\"ez-toc-js-icon-con\"><span class=\"\"><span class=\"eztoc-hide\" style=\"display:none;\">Toggle<\/span><span class=\"ez-toc-icon-toggle-span\"><svg style=\"fill: #999;color:#999\" xmlns=\"http:\/\/www.w3.org\/2000\/svg\" class=\"list-377408\" width=\"20px\" height=\"20px\" viewBox=\"0 0 24 24\" fill=\"none\"><path d=\"M6 6H4v2h2V6zm14 0H8v2h12V6zM4 11h2v2H4v-2zm16 0H8v2h12v-2zM4 16h2v2H4v-2zm16 0H8v2h12v-2z\" fill=\"currentColor\"><\/path><\/svg><svg style=\"fill: #999;color:#999\" class=\"arrow-unsorted-368013\" xmlns=\"http:\/\/www.w3.org\/2000\/svg\" width=\"10px\" height=\"10px\" viewBox=\"0 0 24 24\" version=\"1.2\" baseProfile=\"tiny\"><path d=\"M18.2 9.3l-6.2-6.3-6.2 6.3c-.2.2-.3.4-.3.7s.1.5.3.7c.2.2.4.3.7.3h11c.3 0 .5-.1.7-.3.2-.2.3-.5.3-.7s-.1-.5-.3-.7zM5.8 14.7l6.2 6.3 6.2-6.3c.2-.2.3-.5.3-.7s-.1-.5-.3-.7c-.2-.2-.4-.3-.7-.3h-11c-.3 0-.5.1-.7.3-.2.2-.3.5-.3.7s.1.5.3.7z\"\/><\/svg><\/span><\/span><\/span><\/a><\/span><\/div>\n<nav><ul class='ez-toc-list ez-toc-list-level-1 ' ><li class='ez-toc-page-1 ez-toc-heading-level-2'><a class=\"ez-toc-link ez-toc-heading-1\" href=\"https:\/\/tanphatagrico.vn\/index.php\/product\/bat-chong-tham-hdpe-0-3mm\/#Mang_chong_tham_HDPE_03_mm%E2%80%8B_co_gi_noi_bat_dang_mua\" >M\u00e0ng ch\u1ed1ng th\u1ea5m HDPE 0.3 mm\u200b c\u00f3 g\u00ec n\u1ed5i b\u1eadt \u0111\u00e1ng mua?<\/a><ul class='ez-toc-list-level-3' ><li class='ez-toc-heading-level-3'><a class=\"ez-toc-link ez-toc-heading-2\" href=\"https:\/\/tanphatagrico.vn\/index.php\/product\/bat-chong-tham-hdpe-0-3mm\/#Do_ben_cao\" >\u0110\u1ed9 b\u1ec1n cao<\/a><\/li><li class='ez-toc-page-1 ez-toc-heading-level-3'><a class=\"ez-toc-link ez-toc-heading-3\" href=\"https:\/\/tanphatagrico.vn\/index.php\/product\/bat-chong-tham-hdpe-0-3mm\/#Kha_nang_chong_tham_hieu_qua\" >Kh\u1ea3 n\u0103ng ch\u1ed1ng th\u1ea5m hi\u1ec7u qu\u1ea3<\/a><\/li><\/ul><\/li><\/ul><\/nav><\/div>\n<h2><span class=\"ez-toc-section\" id=\"Mang_chong_tham_HDPE_03_mm%E2%80%8B_co_gi_noi_bat_dang_mua\"><\/span><strong>M\u00e0ng ch\u1ed1ng th\u1ea5m HDPE 0.3 mm\u200b c\u00f3 g\u00ec n\u1ed5i b\u1eadt \u0111\u00e1ng mua?<\/strong><span class=\"ez-toc-section-end\"><\/span><\/h2>\n<p><img loading=\"lazy\" decoding=\"async\" class=\"aligncenter wp-image-12873 size-full lazy-load-active\" title=\"b\u1ea1t ch\u1ed1ng th\u1ea5m hdpe\" src=\"https:\/\/hoangdunggreen.com\/wp-content\/uploads\/2025\/05\/1-01.jpg\" sizes=\"auto, (max-width: 1200px) 100vw, 1200px\" srcset=\"https:\/\/hoangdunggreen.com\/wp-content\/uploads\/2025\/05\/1-01.jpg 1200w, https:\/\/hoangdunggreen.com\/wp-content\/uploads\/2025\/05\/1-01-510x340.jpg 510w, https:\/\/hoangdunggreen.com\/wp-content\/uploads\/2025\/05\/1-01-600x400.jpg 600w, https:\/\/hoangdunggreen.com\/wp-content\/uploads\/2025\/05\/1-01-768x512.jpg 768w\" alt=\"\" width=\"1200\" height=\"800\" data-src=\"https:\/\/hoangdunggreen.com\/wp-content\/uploads\/2025\/05\/1-01.jpg\" data-srcset=\"https:\/\/hoangdunggreen.com\/wp-content\/uploads\/2025\/05\/1-01.jpg 1200w, https:\/\/hoangdunggreen.com\/wp-content\/uploads\/2025\/05\/1-01-510x340.jpg 510w, https:\/\/hoangdunggreen.com\/wp-content\/uploads\/2025\/05\/1-01-600x400.jpg 600w, https:\/\/hoangdunggreen.com\/wp-content\/uploads\/2025\/05\/1-01-768x512.jpg 768w\" \/><\/p>\n<p>&nbsp;<\/p>\n<p>V\u1edbi s\u1ef1 ph\u1ed5 bi\u1ebfn v\u00e0 \u0111\u01b0\u1ee3c s\u1eed d\u1ee5ng trong nhi\u1ec1u l\u0129nh v\u1ef1c, m\u00e0ng ch\u1ed1ng th\u1ea5m hdpe 0.3 mm\u200b c\u00f3 nh\u1eefng \u0111\u1eb7c \u0111i\u1ec3m n\u1ed5i tr\u1ed9i sau \u0111\u00e2y:<\/p>\n<h3><span class=\"ez-toc-section\" id=\"Do_ben_cao\"><\/span><strong>\u0110\u1ed9 b\u1ec1n cao<\/strong><span class=\"ez-toc-section-end\"><\/span><\/h3>\n<p>B\u1ea1t ch\u1ed1ng th\u1ea5m HDPE 0.3mm v\u00f4 c\u00f9ng d\u00e0y d\u1eb7n v\u00ec v\u1eady b\u1ea1t s\u1ebd r\u1ea5t kh\u00f3 b\u1ecb th\u1ee7ng khi ti\u1ebfp x\u00fac v\u1edbi n\u1eafng, m\u01b0a gi\u00f3 ho\u1eb7c th\u1eddi ti\u1ebft kh\u1eafc nghi\u1ec7t kh\u00e1c trong m\u1ed9t kho\u1ea3ng th\u1eddi gian d\u00e0i. B\u1ea1t kh\u00f4ng ch\u1ec9 ch\u1ecbu \u0111\u01b0\u1ee3c nhi\u1ec7t \u0111\u1ed9 cao m\u00e0 c\u00f2n kh\u00e1ng tia ultraviolet (UV), gi\u00fap duy tr\u00ec \u0111\u1ed9 b\u1ec1n m\u00e0u v\u00e0 ch\u1ed1ng th\u1ea5m. \u0110i\u1ec1u n\u00e0y l\u00e0 do c\u1ea5u tr\u00fac v\u00e0 ch\u1ea5t li\u1ec7u nh\u1ef1a HDPE nguy\u00ean sinh c\u1ee7a n\u00f3. Ngo\u00e0i ra,<strong>\u00a0b\u1ea1t ch\u1ed1ng th\u1ea5m HDPE 0.3mm<\/strong>\u00a0c\u00f3 kh\u1ea3 n\u0103ng ch\u1ed1ng l\u1ea1i c\u00e1c h\u00f3a ch\u1ea5t \u0103n m\u00f2n nh\u01b0 axit, ki\u1ec1m v\u00e0 mu\u1ed1i, v\u00ec v\u1eady n\u00f3 c\u00f3 th\u1ec3 ho\u1ea1t \u0111\u1ed9ng t\u1ed1t trong c\u00e1c m\u00f4i tr\u01b0\u1eddng kh\u1eafc nghi\u1ec7t.<\/p>\n<p>V\u00ec v\u1eady, b\u1ea1t ch\u1ed1ng th\u1ea5m HDPE 0.3mm\u200b l\u00e0 l\u1ef1a ch\u1ecdn l\u00fd t\u01b0\u1edfng d\u00e0nh cho c\u00e1c c\u00f4ng tr\u00ecnh c\u1ea7n ch\u1ed1ng th\u1ea5m \u1edf nh\u1eefng n\u01a1i c\u00f3 nhi\u1ec1u h\u00f3a ch\u1ea5t, ch\u1eb3ng h\u1ea1n nh\u01b0 b\u00e3i r\u00e1c, h\u1ed3 n\u01b0\u1edbc th\u1ea3i c\u00f4ng nghi\u1ec7p ho\u1eb7c n\u01a1i x\u1eed l\u00fd h\u00f3a ch\u1ea5t.Ch\u00ednh v\u00ec nh\u1eefng \u0111\u1eb7c \u0111i\u1ec3m tr\u00ean, b\u1ea1t ch\u1ed1ng th\u1ea5m HDPE 0.3mm c\u00f3 tu\u1ed5i th\u1ecd cao t\u1eeb 5 \u2013 10 n\u0103m tu\u1ef3 v\u00e0o \u0111i\u1ec1u ki\u1ec7n m\u00f4i tr\u01b0\u1eddng. V\u1eady n\u00ean \u0111\u00e2y s\u1ebd l\u00e0 m\u1ed9t kho\u1ea3n \u0111\u1ea7u t\u01b0 x\u1ee9ng \u0111\u00e1ng v\u00e0 ti\u1ebft ki\u1ec7m d\u00e0nh cho b\u00e0 con n\u00f4ng nghi\u1ec7p.<\/p>\n<h3><span class=\"ez-toc-section\" id=\"Kha_nang_chong_tham_hieu_qua\"><\/span><strong>Kh\u1ea3 n\u0103ng ch\u1ed1ng th\u1ea5m hi\u1ec7u qu\u1ea3<\/strong><span class=\"ez-toc-section-end\"><\/span><\/h3>\n<p><strong>B\u1ea1t HDPE<\/strong>\u00a0ho\u1ea1t \u0111\u1ed9ng t\u1ed1t nh\u01b0 m\u1ed9t l\u1edbp ch\u1eafn, ng\u0103n ch\u1eb7n n\u01b0\u1edbc, ch\u1ea5t l\u1ecfng v\u00e0 th\u1eadm ch\u00ed kh\u00ed x\u00e2m nh\u1eadp b\u1edfi v\u00ec n\u00f3 c\u00f3 c\u1ea5u tr\u00fac ph\u00e2n t\u1eed d\u00e0y \u0111\u1eb7c v\u00e0 kh\u00f4ng c\u00f3 l\u1ed7 r\u1ed7ng. \u0110i\u1ec1u n\u00e0y \u0111\u1eb7c bi\u1ec7t quan tr\u1ecdng \u0111\u1ed1i v\u1edbi c\u00e1c \u1ee9ng d\u1ee5ng nh\u01b0 l\u00f3t \u0111\u00e1y ao, h\u1ed3 ch\u1ee9a, b\u00e3i r\u00e1c ho\u1eb7c c\u00e1c h\u1ec7 th\u1ed1ng x\u1eed l\u00fd n\u01b0\u1edbc th\u1ea3i n\u01a1i kh\u1ea3 n\u0103ng ch\u1ed1ng th\u1ea5m ho\u00e0n to\u00e0n l\u00e0 c\u1ea7n thi\u1ebft \u0111\u1ec3 b\u1ea3o v\u1ec7 m\u00f4i tr\u01b0\u1eddng xung quanh.<\/p>\n<p>Ngo\u00e0i ra, b\u1ea1t ch\u1ed1ng th\u1ea5m HDPE 0.3mm\u200b kh\u00f4ng th\u1ea5m n\u01b0\u1edbc \u1ed5n \u0111\u1ecbnh ngay c\u1ea3 khi ti\u1ebfp x\u00fac v\u1edbi \u00e1p su\u1ea5t n\u01b0\u1edbc cao ho\u1eb7c trong c\u00e1c \u0111i\u1ec1u ki\u1ec7n ng\u1eadp \u00fang l\u00e2u ng\u00e0y. V\u1eady n\u00ean s\u1ea3n ph\u1ea9m \u0111\u00e3 tr\u1edf th\u00e0nh m\u1ed9t gi\u1ea3i ph\u00e1p \u0111\u00e1ng tin c\u1eady v\u00e0 b\u1ec1n v\u1eefng cho nhi\u1ec1u lo\u1ea1i c\u00f4ng tr\u00ecnh, t\u1eeb c\u00f4ng nghi\u1ec7p \u0111\u1ebfn d\u00e2n d\u1ee5ng.<\/p>\n","protected":false},"excerpt":{"rendered":"<ul>\n<li><strong>Nguy\u00ean li\u1ec7u:<\/strong>\u00a0HDPE nguy\u00ean sinh<\/li>\n<li><strong>Chi\u1ec1u d\u00e0i:<\/strong>\u00a050m\/cu\u1ed9n<\/li>\n<li><strong>Chi\u1ec1u r\u1ed9ng:<\/strong>\u00a0 3m \u2013 4m \u2013 5m \u2013 6m<\/li>\n<li><strong>Tr\u1ecdng l\u01b0\u1ee3ng cu\u1ed9n:<\/strong>\u00a0T\u1eeb 150kg\/cu\u1ed9n<\/li>\n<li><strong>\u0110\u1ed9 d\u00e0y:<\/strong>\u00a00.3mm<\/li>\n<li><strong>M\u1eadt \u0111\u1ed9:<\/strong>\u00a00.94g\/cc<\/li>\n<li><strong>D\u00e3n d\u00e0i khi \u0111\u1ee9t:<\/strong>\u00a0755%<\/li>\n<li><strong>C\u01b0\u1eddng \u0111\u1ed9 ch\u1ecbu l\u1ef1c k\u00e9o:<\/strong>\u00a07.9KN\/m<\/li>\n<li><strong>C\u01b0\u1eddng \u0111\u1ed9 x\u00e9 r\u00e1ch:<\/strong>\u00a035N<\/li>\n<li><strong>C\u01b0\u1eddng \u0111\u1ed9 \u0111\u00e2m th\u1ee7ng:<\/strong>\u00a0103N<\/li>\n<\/ul>\n","protected":false},"featured_media":82,"comment_status":"open","ping_status":"closed","template":"","meta":[],"product_brand":[],"product_cat":[18],"product_tag":[],"class_list":{"0":"post-81","1":"product","2":"type-product","3":"status-publish","4":"has-post-thumbnail","6":"product_cat-mang-chong-tham-bat-hdpe","8":"first","9":"instock","10":"shipping-taxable","11":"purchasable","12":"product-type-simple"},"_links":{"self":[{"href":"https:\/\/tanphatagrico.vn\/index.php\/wp-json\/wp\/v2\/product\/81","targetHints":{"allow":["GET"]}}],"collection":[{"href":"https:\/\/tanphatagrico.vn\/index.php\/wp-json\/wp\/v2\/product"}],"about":[{"href":"https:\/\/tanphatagrico.vn\/index.php\/wp-json\/wp\/v2\/types\/product"}],"replies":[{"embeddable":true,"href":"https:\/\/tanphatagrico.vn\/index.php\/wp-json\/wp\/v2\/comments?post=81"}],"wp:featuredmedia":[{"embeddable":true,"href":"https:\/\/tanphatagrico.vn\/index.php\/wp-json\/wp\/v2\/media\/82"}],"wp:attachment":[{"href":"https:\/\/tanphatagrico.vn\/index.php\/wp-json\/wp\/v2\/media?parent=81"}],"wp:term":[{"taxonomy":"product_brand","embeddable":true,"href":"https:\/\/tanphatagrico.vn\/index.php\/wp-json\/wp\/v2\/product_brand?post=81"},{"taxonomy":"product_cat","embeddable":true,"href":"https:\/\/tanphatagrico.vn\/index.php\/wp-json\/wp\/v2\/product_cat?post=81"},{"taxonomy":"product_tag","embeddable":true,"href":"https:\/\/tanphatagrico.vn\/index.php\/wp-json\/wp\/v2\/product_tag?post=81"}],"curies":[{"name":"wp","href":"https:\/\/api.w.org\/{rel}","templated":true}]}}