{"id":83,"date":"2026-04-03T10:29:24","date_gmt":"2026-04-03T10:29:24","guid":{"rendered":"https:\/\/tienphat.minhwebsite.top\/?post_type=product&#038;p=83"},"modified":"2026-04-03T10:29:42","modified_gmt":"2026-04-03T10:29:42","slug":"bat-chong-tham-hdpe-0-5mm","status":"publish","type":"product","link":"https:\/\/tanphatagrico.vn\/index.php\/product\/bat-chong-tham-hdpe-0-5mm\/","title":{"rendered":"B\u1ea1t ch\u1ed1ng th\u1ea5m HDPE 0.5mm"},"content":{"rendered":"<p>B\u1ea1t ch\u1ed1ng th\u1ea5m HDPE 0.5mm \u0111ang \u0111\u01b0\u1ee3c nhi\u1ec1u ng\u01b0\u1eddi s\u1eed d\u1ee5ng r\u1ed9ng r\u00e3i v\u00e0 ph\u1ed5 bi\u1ebfn trong c\u00e1c c\u00f4ng tr\u00ecnh b\u00e3i r\u00e1c sinh ho\u1ea1t, b\u00e3i r\u00e1c c\u00f4ng nghi\u1ec7p, h\u1ec7 th\u1ed1ng x\u1eed l\u00fd n\u01b0\u1edbc th\u1ea3i, v\u00e0 \u0111\u1eb7c bi\u1ec7t \u1ee9ng d\u1ee5ng v\u00e0o trong vi\u1ec7c l\u00f3t h\u1ed3 nu\u00f4i tr\u1ed3ng th\u1ee7y s\u1ea3n.<\/p>\n<p>M\u00e0ng ch\u1ed1ng th\u1ea5m hdpe \u0111ang ng\u00e0y c\u00e0ng ch\u1ee9ng minh \u0111\u01b0\u1ee3c \u01b0u \u0111i\u1ec3m c\u0169ng nh\u01b0 s\u1ef1 ph\u1ed5 bi\u1ebfn c\u1ee7a s\u1ea3n ph\u1ea9m \u0111\u00e1p \u1ee9ng m\u1ecdi ti\u00eau chi s\u1eed d\u1ee5ng \u0111\u01b0\u1ee3c \u0111\u1eb7t ra. \u0110\u1ec3 bi\u1ebft th\u00eam nhi\u1ec1u th\u00f4ng tin chi ti\u1ebft v\u1ec1 d\u00f2ng b\u1ea1t n\u00e0y c\u00f9ng t\u00ecm hi\u1ec3u b\u1ea1t (m\u00e0ng) ch\u1ed1ng th\u1ea5m HDPE 0.5mm ngay nh\u00e9.<\/p>\n","protected":false},"excerpt":{"rendered":"<h3>Th\u00f4ng s\u1ed1 k\u1ef9 thu\u1eadt<\/h3>\n<ul>\n<li><strong>Ch\u1ea5t li\u1ec7u:<\/strong>\u00a0Nh\u1ef1a HDPE<\/li>\n<li><strong>\u0110\u1ed9 d\u00e0y:<\/strong>\u00a00.5mm<\/li>\n<li><strong>Kh\u1ed5 r\u1ed9ng:<\/strong>\u00a04m, 5m, 6m<\/li>\n<li><strong>Chi\u1ec1u d\u00e0i:<\/strong>\u00a050m\/cu\u1ed9n<\/li>\n<li><strong>Tr\u1ecdng l\u01b0\u1ee3ng cu\u1ed9n:<\/strong>\u00a0100-150kg\/cu\u1ed9n<\/li>\n<li><strong>M\u1eadt \u0111\u1ed9:<\/strong>\u00a00.94 g\/cc<\/li>\n<li><strong>C\u01b0\u1eddng \u0111\u1ed9 kh\u00e1ng khi k\u00e9o \u0111\u1ee9t:<\/strong>\u00a028 kN\/m<\/li>\n<li><strong>C\u01b0\u1eddng \u0111\u1ed9 kh\u00e1ng k\u00e9o t\u1ea1i \u0111i\u1ec3m u\u1ed1n:<\/strong>\u00a015kN\/m<\/li>\n<li><strong>D\u1eabn d\u00e0i khi \u0111\u1ee9t:<\/strong>\u00a0700%<\/li>\n<li><strong>D\u1eabn d\u00e0i t\u1ea1i \u0111i\u1ec3m u\u1ed1n:<\/strong>\u00a013%<\/li>\n<li><strong>C\u01b0\u1eddng \u0111\u1ed9 kh\u00e1ng x\u00e9:<\/strong>\u00a0130N<\/li>\n<\/ul>\n","protected":false},"featured_media":84,"comment_status":"open","ping_status":"closed","template":"","meta":[],"product_brand":[],"product_cat":[18],"product_tag":[],"class_list":{"0":"post-83","1":"product","2":"type-product","3":"status-publish","4":"has-post-thumbnail","6":"product_cat-mang-chong-tham-bat-hdpe","8":"first","9":"instock","10":"shipping-taxable","11":"purchasable","12":"product-type-simple"},"_links":{"self":[{"href":"https:\/\/tanphatagrico.vn\/index.php\/wp-json\/wp\/v2\/product\/83","targetHints":{"allow":["GET"]}}],"collection":[{"href":"https:\/\/tanphatagrico.vn\/index.php\/wp-json\/wp\/v2\/product"}],"about":[{"href":"https:\/\/tanphatagrico.vn\/index.php\/wp-json\/wp\/v2\/types\/product"}],"replies":[{"embeddable":true,"href":"https:\/\/tanphatagrico.vn\/index.php\/wp-json\/wp\/v2\/comments?post=83"}],"wp:featuredmedia":[{"embeddable":true,"href":"https:\/\/tanphatagrico.vn\/index.php\/wp-json\/wp\/v2\/media\/84"}],"wp:attachment":[{"href":"https:\/\/tanphatagrico.vn\/index.php\/wp-json\/wp\/v2\/media?parent=83"}],"wp:term":[{"taxonomy":"product_brand","embeddable":true,"href":"https:\/\/tanphatagrico.vn\/index.php\/wp-json\/wp\/v2\/product_brand?post=83"},{"taxonomy":"product_cat","embeddable":true,"href":"https:\/\/tanphatagrico.vn\/index.php\/wp-json\/wp\/v2\/product_cat?post=83"},{"taxonomy":"product_tag","embeddable":true,"href":"https:\/\/tanphatagrico.vn\/index.php\/wp-json\/wp\/v2\/product_tag?post=83"}],"curies":[{"name":"wp","href":"https:\/\/api.w.org\/{rel}","templated":true}]}}