{"id":85,"date":"2026-04-03T10:30:32","date_gmt":"2026-04-03T10:30:32","guid":{"rendered":"https:\/\/tienphat.minhwebsite.top\/?post_type=product&#038;p=85"},"modified":"2026-04-03T10:45:30","modified_gmt":"2026-04-03T10:45:30","slug":"bat-chong-tham-hdpe-0-75mm","status":"publish","type":"product","link":"https:\/\/tanphatagrico.vn\/index.php\/product\/bat-chong-tham-hdpe-0-75mm\/","title":{"rendered":"B\u1ea1t ch\u1ed1ng th\u1ea5m HDPE 0.75mm"},"content":{"rendered":"<p>M\u00e0ng ch\u1ed1ng th\u1ea5m HDPE 0.75 mm\u200b c\u00f3 \u0111\u1ed9 d\u00e0y v\u1eeba ph\u1ea3i, kh\u00f4ng qu\u00e1 m\u1ecfng c\u0169ng kh\u00f4ng qu\u00e1 d\u00e0y ph\u00f9 h\u1ee3p cho nhi\u1ec1u l\u0129nh v\u1ef1c kh\u00e1c nhau. Kh\u00e1m ph\u00e1 c\u00e1c \u0111i\u1ec3m m\u1ea1nh c\u0169ng nh\u01b0 l\u01b0u \u00fd khi s\u1eed d\u1ee5ng \u0111\u1ec3 mang l\u1ea1i hi\u1ec7u qu\u1ea3 c\u0169ng nh\u01b0 \u0111\u1ed9 b\u1ec1n l\u00e2u nh\u1ea5t c\u00f3 th\u1ec3.<\/p>\n","protected":false},"excerpt":{"rendered":"<h3>Th\u00f4ng s\u1ed1 k\u1ef9 thu\u1eadt<\/h3>\n<ul>\n<li><strong>\u0110\u1ed9 d\u00e0y:<\/strong>\u00a00.75mm<\/li>\n<li><strong>M\u1eadt \u0111\u1ed9:<\/strong>\u00a00.94 g\/cc<\/li>\n<li><strong>Kh\u1ed5 r\u1ed9ng:<\/strong>\u00a04m \u2013 5m<\/li>\n<li><strong>Chi\u1ec1u d\u00e0i:<\/strong>\u00a050m\/cu\u1ed9n<\/li>\n<li><strong>C\u01b0\u1eddng \u0111\u1ed9 kh\u00e1ng khi k\u00e9o \u0111\u1ee9t:<\/strong>\u00a028 kN\/m<\/li>\n<li><strong>C\u01b0\u1eddng \u0111\u1ed9 kh\u00e1ng k\u00e9o t\u1ea1i \u0111i\u1ec3m u\u1ed1n:<\/strong>\u00a015kN\/m<\/li>\n<li><strong>D\u1eabn d\u00e0i khi \u0111\u1ee9t:<\/strong>\u00a0700%<\/li>\n<li><strong>D\u1eabn d\u00e0i t\u1ea1i \u0111i\u1ec3m u\u1ed1n:<\/strong>\u00a013%<\/li>\n<li><strong>C\u01b0\u1eddng \u0111\u1ed9 kh\u00e1ng x\u00e9:<\/strong>\u00a0130N<\/li>\n<\/ul>\n","protected":false},"featured_media":86,"comment_status":"open","ping_status":"closed","template":"","meta":[],"product_brand":[],"product_cat":[18],"product_tag":[],"class_list":{"0":"post-85","1":"product","2":"type-product","3":"status-publish","4":"has-post-thumbnail","6":"product_cat-mang-chong-tham-bat-hdpe","8":"first","9":"instock","10":"shipping-taxable","11":"purchasable","12":"product-type-simple"},"_links":{"self":[{"href":"https:\/\/tanphatagrico.vn\/index.php\/wp-json\/wp\/v2\/product\/85","targetHints":{"allow":["GET"]}}],"collection":[{"href":"https:\/\/tanphatagrico.vn\/index.php\/wp-json\/wp\/v2\/product"}],"about":[{"href":"https:\/\/tanphatagrico.vn\/index.php\/wp-json\/wp\/v2\/types\/product"}],"replies":[{"embeddable":true,"href":"https:\/\/tanphatagrico.vn\/index.php\/wp-json\/wp\/v2\/comments?post=85"}],"wp:featuredmedia":[{"embeddable":true,"href":"https:\/\/tanphatagrico.vn\/index.php\/wp-json\/wp\/v2\/media\/86"}],"wp:attachment":[{"href":"https:\/\/tanphatagrico.vn\/index.php\/wp-json\/wp\/v2\/media?parent=85"}],"wp:term":[{"taxonomy":"product_brand","embeddable":true,"href":"https:\/\/tanphatagrico.vn\/index.php\/wp-json\/wp\/v2\/product_brand?post=85"},{"taxonomy":"product_cat","embeddable":true,"href":"https:\/\/tanphatagrico.vn\/index.php\/wp-json\/wp\/v2\/product_cat?post=85"},{"taxonomy":"product_tag","embeddable":true,"href":"https:\/\/tanphatagrico.vn\/index.php\/wp-json\/wp\/v2\/product_tag?post=85"}],"curies":[{"name":"wp","href":"https:\/\/api.w.org\/{rel}","templated":true}]}}