{"id":87,"date":"2026-04-03T10:31:48","date_gmt":"2026-04-03T10:31:48","guid":{"rendered":"https:\/\/tienphat.minhwebsite.top\/?post_type=product&#038;p=87"},"modified":"2026-04-03T10:31:48","modified_gmt":"2026-04-03T10:31:48","slug":"bat-chong-tham-hdpe-1mm","status":"publish","type":"product","link":"https:\/\/tanphatagrico.vn\/index.php\/product\/bat-chong-tham-hdpe-1mm\/","title":{"rendered":"B\u1ea1t ch\u1ed1ng th\u1ea5m HDPE 1mm"},"content":{"rendered":"<p>B\u1ea1t ch\u1ed1ng th\u1ea5m HDPE 1mm l\u00e0 s\u1ea3n ph\u1ea9m c\u00f3 \u0111\u1ed9 da\u0300y 1mm kh\u1ed5 7m \u2013 8m ch\u1ea5t l\u01b0\u1ee3ng t\u1ed1t \u0111\u01b0\u1ee3c s\u1eed d\u1ee5ng nhi\u1ec1u trong nu\u00f4i tr\u1ed3ng th\u1ee7y s\u1ea3n, c\u00e1c d\u1ef1 \u00e1n x\u1eed l\u00fd ch\u1ea5t th\u1ea3i v\u00e0 nhi\u1ec1u h\u1ea1ng m\u1ee5c kh\u00e1c. B\u1ea1t c\u00f3 \u0111\u1ed9 d\u00e0y v\u1eeba ph\u1ea3i n\u00ean \u0111\u01b0\u1ee3c d\u00f9ng v\u1edbi nhi\u1ec1u m\u1ee5c \u0111\u00edch v\u00e0 chi ph\u00ed h\u1ee3p l\u00fd.\u00a0Nh\u1eefng v\u1eadt li\u1ec7u \u0111\u1ec3 s\u1ea3n xu\u1ea5t ra\u00a0<strong>b\u1ea1<\/strong><strong>t<\/strong><strong> HDPE<\/strong>\u00a0th\u01b0\u1eddng l\u00e0 h\u1ea1t nh\u1ef1a nguy\u00ean sinh k\u1ebft h\u1ee3p v\u1edbi cacbon \u0111en v\u00e0 m\u1ed9t s\u1ed1 lo\u1ea1i ph\u1ee5 gia kh\u00e1ng tia UV.<\/p>\n","protected":false},"excerpt":{"rendered":"<h3>Th\u00f4ng s\u1ed1 k\u1ef9 thu\u1eadt<\/h3>\n<ul>\n<li><strong>Ch\u1ea5t li\u1ec7u:<\/strong>\u00a0Nh\u1ef1a HDPE<\/li>\n<li><strong>\u0110\u1ed9 d\u00e0y:<\/strong>\u00a01mm<\/li>\n<li><strong>Chi\u1ec1u d\u00e0i:<\/strong>\u00a050-100m\/cu\u1ed9n<\/li>\n<li><strong>Chi\u1ec1u r\u1ed9ng:<\/strong>\u00a04m<\/li>\n<li><strong>Tr\u1ecdng l\u01b0\u1ee3ng cu\u1ed9n:<\/strong>\u00a0200-250kg\/cu\u1ed9n<\/li>\n<li><strong>M\u1eadt \u0111\u1ed9:<\/strong>\u00a00.94 g\/cc<\/li>\n<li><strong>C\u01b0\u1eddng \u0111\u1ed9 kh\u00e1ng khi k\u00e9o \u0111\u1ee9t:<\/strong>\u00a028 kN\/m<\/li>\n<li><strong>C\u01b0\u1eddng \u0111\u1ed9 kh\u00e1ng k\u00e9o t\u1ea1i \u0111i\u1ec3m u\u1ed1n:<\/strong>\u00a015kN\/m<\/li>\n<li><strong>D\u1eabn d\u00e0i khi \u0111\u1ee9t:<\/strong>\u00a0700%<\/li>\n<li><strong>D\u1eabn d\u00e0i t\u1ea1i \u0111i\u1ec3m u\u1ed1n:<\/strong>\u00a013%<\/li>\n<li><strong>C\u01b0\u1eddng \u0111\u1ed9 kh\u00e1ng x\u00e9:<\/strong>\u00a0130N<\/li>\n<\/ul>\n","protected":false},"featured_media":88,"comment_status":"open","ping_status":"closed","template":"","meta":[],"product_brand":[],"product_cat":[18],"product_tag":[],"class_list":{"0":"post-87","1":"product","2":"type-product","3":"status-publish","4":"has-post-thumbnail","6":"product_cat-mang-chong-tham-bat-hdpe","8":"first","9":"instock","10":"shipping-taxable","11":"purchasable","12":"product-type-simple"},"_links":{"self":[{"href":"https:\/\/tanphatagrico.vn\/index.php\/wp-json\/wp\/v2\/product\/87","targetHints":{"allow":["GET"]}}],"collection":[{"href":"https:\/\/tanphatagrico.vn\/index.php\/wp-json\/wp\/v2\/product"}],"about":[{"href":"https:\/\/tanphatagrico.vn\/index.php\/wp-json\/wp\/v2\/types\/product"}],"replies":[{"embeddable":true,"href":"https:\/\/tanphatagrico.vn\/index.php\/wp-json\/wp\/v2\/comments?post=87"}],"wp:featuredmedia":[{"embeddable":true,"href":"https:\/\/tanphatagrico.vn\/index.php\/wp-json\/wp\/v2\/media\/88"}],"wp:attachment":[{"href":"https:\/\/tanphatagrico.vn\/index.php\/wp-json\/wp\/v2\/media?parent=87"}],"wp:term":[{"taxonomy":"product_brand","embeddable":true,"href":"https:\/\/tanphatagrico.vn\/index.php\/wp-json\/wp\/v2\/product_brand?post=87"},{"taxonomy":"product_cat","embeddable":true,"href":"https:\/\/tanphatagrico.vn\/index.php\/wp-json\/wp\/v2\/product_cat?post=87"},{"taxonomy":"product_tag","embeddable":true,"href":"https:\/\/tanphatagrico.vn\/index.php\/wp-json\/wp\/v2\/product_tag?post=87"}],"curies":[{"name":"wp","href":"https:\/\/api.w.org\/{rel}","templated":true}]}}